{"id":4441,"date":"2020-04-16T22:12:52","date_gmt":"2020-04-16T22:12:52","guid":{"rendered":"https:\/\/anatomia.facmed.unam.mx\/?page_id=4441"},"modified":"2022-12-07T16:13:29","modified_gmt":"2022-12-07T16:13:29","slug":"cabeza-y-cuello","status":"publish","type":"page","link":"https:\/\/anatomia.facmed.unam.mx\/index.php\/cabeza-y-cuello\/","title":{"rendered":"CABEZA Y CUELLO"},"content":{"rendered":"[et_pb_section admin_label=\u00bbsection\u00bb]\n\t\t\t[et_pb_row admin_label=\u00bbrow\u00bb]\n\t\t\t\t[et_pb_column type=\u00bb4_4&#8243;][et_pb_text admin_label=\u00bbText\u00bb]\n<figure class=\"wp-block-video alignright\"><video height=\"1080\" style=\"aspect-ratio: 1920 \/ 1080;\" width=\"1920\" controls src=\"https:\/\/anatomia.facmed.unam.mx\/wp-content\/uploads\/2020\/04\/OSTEOLOGIA.mp4\"><\/video><figcaption><strong>GENERALIDADES DE HUESOS<\/strong><\/figcaption><\/figure>\n\n\n\n<figure class=\"wp-block-embed-youtube alignleft wp-block-embed is-type-video is-provider-youtube wp-embed-aspect-16-9 wp-has-aspect-ratio\"><div class=\"wp-block-embed__wrapper\">\n<span class=\"embed-youtube\" style=\"text-align:center; display: block;\"><iframe loading=\"lazy\" class=\"youtube-player\" width=\"1080\" height=\"608\" src=\"https:\/\/www.youtube.com\/embed\/wAOk-9UrkV8?version=3&#038;rel=1&#038;showsearch=0&#038;showinfo=1&#038;iv_load_policy=1&#038;fs=1&#038;hl=es-ES&#038;autohide=2&#038;wmode=transparent\" allowfullscreen=\"true\" style=\"border:0;\" sandbox=\"allow-scripts allow-same-origin allow-popups allow-presentation allow-popups-to-escape-sandbox\"><\/iframe><\/span>\n<\/div><figcaption><strong>ARTICULACIONES<\/strong><\/figcaption><\/figure>\n\n\n\n<figure class=\"wp-block-video alignright\"><video height=\"360\" style=\"aspect-ratio: 720 \/ 360;\" width=\"720\" controls src=\"https:\/\/anatomia.facmed.unam.mx\/wp-content\/uploads\/2020\/04\/columna_vertebral_parte_11.mp4\"><\/video><figcaption><strong>COLUMNA VERTEBRAL PARTE 1<\/strong><\/figcaption><\/figure>\n\n\n\n<figure class=\"wp-block-video alignleft\"><video height=\"360\" style=\"aspect-ratio: 720 \/ 360;\" width=\"720\" controls src=\"https:\/\/anatomia.facmed.unam.mx\/wp-content\/uploads\/2020\/04\/columna_vertebral_21.mp4\"><\/video><figcaption><strong>COLUMNA VERTEBRAL PARTE 2<\/strong><\/figcaption><\/figure>\n\n\n\n<figure class=\"wp-block-video alignright\"><video height=\"360\" style=\"aspect-ratio: 720 \/ 360;\" width=\"720\" controls src=\"https:\/\/anatomia.facmed.unam.mx\/wp-content\/uploads\/2020\/04\/columna_vertebral_31-1.mp4\"><\/video><figcaption><strong>COLUMNA VERTEBRAL PARTE 3<\/strong><\/figcaption><\/figure>\n\n\n\n<figure class=\"wp-block-video alignleft\"><video height=\"1080\" style=\"aspect-ratio: 1920 \/ 1080;\" width=\"1920\" controls src=\"https:\/\/anatomia.facmed.unam.mx\/wp-content\/uploads\/2020\/04\/CR\u00c1NEO.mp4\"><\/video><figcaption><strong>CABEZA \u00d3SEA<\/strong><\/figcaption><\/figure>\n\n\n\n<figure class=\"wp-block-embed-youtube alignleft wp-block-embed is-type-video is-provider-youtube wp-embed-aspect-16-9 wp-has-aspect-ratio\"><div class=\"wp-block-embed__wrapper\">\n<span class=\"embed-youtube\" style=\"text-align:center; display: block;\"><iframe loading=\"lazy\" class=\"youtube-player\" width=\"1080\" height=\"608\" src=\"https:\/\/www.youtube.com\/embed\/--ma6vFFtWc?version=3&#038;rel=1&#038;showsearch=0&#038;showinfo=1&#038;iv_load_policy=1&#038;fs=1&#038;hl=es-ES&#038;autohide=2&#038;wmode=transparent\" allowfullscreen=\"true\" style=\"border:0;\" sandbox=\"allow-scripts allow-same-origin allow-popups allow-presentation allow-popups-to-escape-sandbox\"><\/iframe><\/span>\n<\/div><figcaption><strong>M\u00daSCULOS DE CABEZA Y CUELLO<\/strong><\/figcaption><\/figure>\n\n\n\n<figure class=\"wp-block-embed-youtube alignright wp-block-embed is-type-video is-provider-youtube wp-embed-aspect-16-9 wp-has-aspect-ratio\"><div class=\"wp-block-embed__wrapper\">\n<span class=\"embed-youtube\" style=\"text-align:center; display: block;\"><iframe loading=\"lazy\" class=\"youtube-player\" width=\"1080\" height=\"608\" src=\"https:\/\/www.youtube.com\/embed\/KzIbkVgjlXM?version=3&#038;rel=1&#038;showsearch=0&#038;showinfo=1&#038;iv_load_policy=1&#038;fs=1&#038;hl=es-ES&#038;autohide=2&#038;wmode=transparent\" allowfullscreen=\"true\" style=\"border:0;\" sandbox=\"allow-scripts allow-same-origin allow-popups allow-presentation allow-popups-to-escape-sandbox\"><\/iframe><\/span>\n<\/div><figcaption><strong>VASCULARIZACI\u00d3N DE CABEZA Y CUELLO<\/strong><\/figcaption><\/figure>\n\n\n\n<figure class=\"wp-block-embed-youtube alignleft wp-block-embed is-type-video is-provider-youtube wp-embed-aspect-4-3 wp-has-aspect-ratio\"><div class=\"wp-block-embed__wrapper\">\n<span class=\"embed-youtube\" style=\"text-align:center; display: block;\"><iframe loading=\"lazy\" class=\"youtube-player\" width=\"1080\" height=\"608\" src=\"https:\/\/www.youtube.com\/embed\/RYOaqfavL2A?version=3&#038;rel=1&#038;showsearch=0&#038;showinfo=1&#038;iv_load_policy=1&#038;fs=1&#038;hl=es-ES&#038;autohide=2&#038;wmode=transparent\" allowfullscreen=\"true\" style=\"border:0;\" sandbox=\"allow-scripts allow-same-origin allow-popups allow-presentation allow-popups-to-escape-sandbox\"><\/iframe><\/span>\n<\/div><figcaption><strong>OJO<\/strong><\/figcaption><\/figure>\n\n\n\n<figure class=\"wp-block-embed-youtube alignright wp-block-embed is-type-video is-provider-youtube wp-embed-aspect-16-9 wp-has-aspect-ratio\"><div class=\"wp-block-embed__wrapper\">\n<span class=\"embed-youtube\" style=\"text-align:center; display: block;\"><iframe loading=\"lazy\" class=\"youtube-player\" width=\"1080\" height=\"608\" src=\"https:\/\/www.youtube.com\/embed\/7GXCL4VwRdc?version=3&#038;rel=1&#038;showsearch=0&#038;showinfo=1&#038;iv_load_policy=1&#038;fs=1&#038;hl=es-ES&#038;autohide=2&#038;wmode=transparent\" allowfullscreen=\"true\" style=\"border:0;\" sandbox=\"allow-scripts allow-same-origin allow-popups allow-presentation allow-popups-to-escape-sandbox\"><\/iframe><\/span>\n<\/div><figcaption><strong>ANATOM\u00cdA DE O\u00cdDO<\/strong><\/figcaption><\/figure>\n\n\n\n<figure class=\"wp-block-video alignleft\"><video height=\"720\" style=\"aspect-ratio: 1152 \/ 720;\" width=\"1152\" controls src=\"https:\/\/anatomia.facmed.unam.mx\/wp-content\/uploads\/2020\/04\/cavidad-bucal-1.mp4\"><\/video><figcaption><strong>CAVIDAD ORAL<\/strong><\/figcaption><\/figure>\n\n\n\n<figure class=\"wp-block-video alignright\"><video height=\"1080\" style=\"aspect-ratio: 1920 \/ 1080;\" width=\"1920\" controls src=\"https:\/\/anatomia.facmed.unam.mx\/wp-content\/uploads\/2020\/04\/TRI\u00c1NGULOS-DEL-CUELLO-1.mp4\"><\/video><figcaption><strong>TRI\u00c1NGULOS DEL CUELLO<\/strong><\/figcaption><\/figure>\n[\/et_pb_text][\/et_pb_column]\n\t\t\t[\/et_pb_row]\n\t\t[\/et_pb_section]","protected":false},"excerpt":{"rendered":"<p>GENERALIDADES DE HUESOS https:\/\/youtu.be\/wAOk-9UrkV8 ARTICULACIONES COLUMNA VERTEBRAL PARTE 1 COLUMNA VERTEBRAL PARTE 2 COLUMNA VERTEBRAL PARTE 3 CABEZA \u00d3SEA https:\/\/youtu.be\/&#8211;ma6vFFtWc M\u00daSCULOS DE CABEZA Y CUELLO https:\/\/youtu.be\/KzIbkVgjlXM VASCULARIZACI\u00d3N DE CABEZA Y CUELLO https:\/\/youtu.be\/RYOaqfavL2A OJO https:\/\/youtu.be\/7GXCL4VwRdc ANATOM\u00cdA DE O\u00cdDO CAVIDAD ORAL TRI\u00c1NGULOS DEL CUELLO<\/p>\n","protected":false},"author":1,"featured_media":0,"parent":0,"menu_order":0,"comment_status":"closed","ping_status":"closed","template":"","meta":{"_et_pb_use_builder":"on","_et_pb_old_content":"<!-- wp:video {\"id\":4544,\"align\":\"right\"} -->\n<figure class=\"wp-block-video alignright\"><video controls src=\"https:\/\/anatomia.facmed.unam.mx\/wp-content\/uploads\/2020\/04\/OSTEOLOGIA.mp4\"><\/video><figcaption><strong>GENERALIDADES DE HUESOS<\/strong><\/figcaption><\/figure>\n<!-- \/wp:video -->\n\n<!-- wp:core-embed\/youtube {\"url\":\"https:\/\/youtu.be\/wAOk-9UrkV8\",\"type\":\"video\",\"providerNameSlug\":\"youtube\",\"align\":\"left\",\"className\":\"wp-embed-aspect-16-9 wp-has-aspect-ratio\"} -->\n<figure class=\"wp-block-embed-youtube alignleft wp-block-embed is-type-video is-provider-youtube wp-embed-aspect-16-9 wp-has-aspect-ratio\"><div class=\"wp-block-embed__wrapper\">\nhttps:\/\/youtu.be\/wAOk-9UrkV8\n<\/div><figcaption><strong>ARTICULACIONES<\/strong><\/figcaption><\/figure>\n<!-- \/wp:core-embed\/youtube -->\n\n<!-- wp:video {\"id\":4464,\"align\":\"right\"} -->\n<figure class=\"wp-block-video alignright\"><video controls src=\"https:\/\/anatomia.facmed.unam.mx\/wp-content\/uploads\/2020\/04\/columna_vertebral_parte_11.mp4\"><\/video><figcaption><strong>COLUMNA VERTEBRAL PARTE 1<\/strong><\/figcaption><\/figure>\n<!-- \/wp:video -->\n\n<!-- wp:video {\"id\":4462,\"align\":\"left\"} -->\n<figure class=\"wp-block-video alignleft\"><video controls src=\"https:\/\/anatomia.facmed.unam.mx\/wp-content\/uploads\/2020\/04\/columna_vertebral_21.mp4\"><\/video><figcaption><strong>COLUMNA VERTEBRAL PARTE 2<\/strong><\/figcaption><\/figure>\n<!-- \/wp:video -->\n\n<!-- wp:video {\"id\":4470,\"align\":\"right\"} -->\n<figure class=\"wp-block-video alignright\"><video controls src=\"https:\/\/anatomia.facmed.unam.mx\/wp-content\/uploads\/2020\/04\/columna_vertebral_31-1.mp4\"><\/video><figcaption><strong>COLUMNA VERTEBRAL PARTE 3<\/strong><\/figcaption><\/figure>\n<!-- \/wp:video -->\n\n<!-- wp:video {\"id\":4482,\"align\":\"left\"} -->\n<figure class=\"wp-block-video alignleft\"><video controls src=\"https:\/\/anatomia.facmed.unam.mx\/wp-content\/uploads\/2020\/04\/CR\u00c1NEO.mp4\"><\/video><figcaption><strong>CABEZA \u00d3SEA<\/strong><\/figcaption><\/figure>\n<!-- \/wp:video -->\n\n<!-- wp:core-embed\/youtube {\"url\":\"https:\/\/youtu.be\/u002du002dma6vFFtWc\",\"type\":\"video\",\"providerNameSlug\":\"youtube\",\"align\":\"left\",\"className\":\"wp-embed-aspect-16-9 wp-has-aspect-ratio\"} -->\n<figure class=\"wp-block-embed-youtube alignleft wp-block-embed is-type-video is-provider-youtube wp-embed-aspect-16-9 wp-has-aspect-ratio\"><div class=\"wp-block-embed__wrapper\">\nhttps:\/\/youtu.be\/--ma6vFFtWc\n<\/div><figcaption><strong>M\u00daSCULOS DE CABEZA Y CUELLO<\/strong><\/figcaption><\/figure>\n<!-- \/wp:core-embed\/youtube -->\n\n<!-- wp:core-embed\/youtube {\"url\":\"https:\/\/youtu.be\/KzIbkVgjlXM\",\"type\":\"video\",\"providerNameSlug\":\"youtube\",\"align\":\"right\",\"className\":\"wp-embed-aspect-16-9 wp-has-aspect-ratio\"} -->\n<figure class=\"wp-block-embed-youtube alignright wp-block-embed is-type-video is-provider-youtube wp-embed-aspect-16-9 wp-has-aspect-ratio\"><div class=\"wp-block-embed__wrapper\">\nhttps:\/\/youtu.be\/KzIbkVgjlXM\n<\/div><figcaption><strong>VASCULARIZACI\u00d3N DE CABEZA Y CUELLO<\/strong><\/figcaption><\/figure>\n<!-- \/wp:core-embed\/youtube -->\n\n<!-- wp:core-embed\/youtube {\"url\":\"https:\/\/youtu.be\/RYOaqfavL2A\",\"type\":\"video\",\"providerNameSlug\":\"youtube\",\"align\":\"left\",\"className\":\"wp-embed-aspect-4-3 wp-has-aspect-ratio\"} -->\n<figure class=\"wp-block-embed-youtube alignleft wp-block-embed is-type-video is-provider-youtube wp-embed-aspect-4-3 wp-has-aspect-ratio\"><div class=\"wp-block-embed__wrapper\">\nhttps:\/\/youtu.be\/RYOaqfavL2A\n<\/div><figcaption><strong>OJO<\/strong><\/figcaption><\/figure>\n<!-- \/wp:core-embed\/youtube -->\n\n<!-- wp:core-embed\/youtube {\"url\":\"https:\/\/youtu.be\/7GXCL4VwRdc\",\"type\":\"video\",\"providerNameSlug\":\"youtube\",\"align\":\"right\",\"className\":\"wp-embed-aspect-16-9 wp-has-aspect-ratio\"} -->\n<figure class=\"wp-block-embed-youtube alignright wp-block-embed is-type-video is-provider-youtube wp-embed-aspect-16-9 wp-has-aspect-ratio\"><div class=\"wp-block-embed__wrapper\">\nhttps:\/\/youtu.be\/7GXCL4VwRdc\n<\/div><figcaption><strong>ANATOM\u00cdA DE O\u00cdDO<\/strong><\/figcaption><\/figure>\n<!-- \/wp:core-embed\/youtube -->\n\n<!-- wp:video {\"id\":4520,\"align\":\"left\"} -->\n<figure class=\"wp-block-video alignleft\"><video controls src=\"https:\/\/anatomia.facmed.unam.mx\/wp-content\/uploads\/2020\/04\/cavidad-bucal-1.mp4\"><\/video><figcaption><strong>CAVIDAD ORAL<\/strong><\/figcaption><\/figure>\n<!-- \/wp:video -->\n\n<!-- wp:video {\"id\":4554,\"align\":\"right\"} -->\n<figure class=\"wp-block-video alignright\"><video controls src=\"https:\/\/anatomia.facmed.unam.mx\/wp-content\/uploads\/2020\/04\/TRI\u00c1NGULOS-DEL-CUELLO-1.mp4\"><\/video><figcaption><strong>TRI\u00c1NGULOS DEL CUELLO<\/strong><\/figcaption><\/figure>\n<!-- \/wp:video -->","_et_gb_content_width":"","jetpack_post_was_ever_published":false,"footnotes":""},"class_list":["post-4441","page","type-page","status-publish","hentry"],"jetpack_sharing_enabled":true,"jetpack_shortlink":"https:\/\/wp.me\/PaS03c-19D","jetpack-related-posts":[],"_links":{"self":[{"href":"https:\/\/anatomia.facmed.unam.mx\/index.php\/wp-json\/wp\/v2\/pages\/4441","targetHints":{"allow":["GET"]}}],"collection":[{"href":"https:\/\/anatomia.facmed.unam.mx\/index.php\/wp-json\/wp\/v2\/pages"}],"about":[{"href":"https:\/\/anatomia.facmed.unam.mx\/index.php\/wp-json\/wp\/v2\/types\/page"}],"author":[{"embeddable":true,"href":"https:\/\/anatomia.facmed.unam.mx\/index.php\/wp-json\/wp\/v2\/users\/1"}],"replies":[{"embeddable":true,"href":"https:\/\/anatomia.facmed.unam.mx\/index.php\/wp-json\/wp\/v2\/comments?post=4441"}],"version-history":[{"count":23,"href":"https:\/\/anatomia.facmed.unam.mx\/index.php\/wp-json\/wp\/v2\/pages\/4441\/revisions"}],"predecessor-version":[{"id":6576,"href":"https:\/\/anatomia.facmed.unam.mx\/index.php\/wp-json\/wp\/v2\/pages\/4441\/revisions\/6576"}],"wp:attachment":[{"href":"https:\/\/anatomia.facmed.unam.mx\/index.php\/wp-json\/wp\/v2\/media?parent=4441"}],"curies":[{"name":"wp","href":"https:\/\/api.w.org\/{rel}","templated":true}]}}