{"id":340,"date":"2018-11-15T01:48:07","date_gmt":"2018-11-15T01:48:07","guid":{"rendered":"http:\/\/paginas.facmed.unam.mx\/deptos\/ana\/?page_id=340"},"modified":"2020-05-13T00:20:19","modified_gmt":"2020-05-13T00:20:19","slug":"lab-de-cronobiologia","status":"publish","type":"page","link":"https:\/\/anatomia.facmed.unam.mx\/index.php\/lab-de-cronobiologia\/","title":{"rendered":"Lab. de Cronobiolog\u00eda"},"content":{"rendered":"<p>[et_pb_section fb_built=\u00bb1&#8243; _builder_version=\u00bb3.24.1&#8243; custom_padding=\u00bb0|0px|4px|0px|false|false\u00bb border_width_top=\u00bb3px\u00bb border_color_top=\u00bb#d33d57&#8243;][et_pb_row _builder_version=\u00bb3.25&#8243; max_width=\u00bb937px\u00bb use_custom_width=\u00bbon\u00bb custom_width_px=\u00bb937px\u00bb][et_pb_column type=\u00bb4_4&#8243; _builder_version=\u00bb3.25&#8243; custom_padding=\u00bb|||\u00bb custom_padding__hover=\u00bb|||\u00bb][et_pb_image src=\u00bbhttp:\/\/paginas.facmed.unam.mx\/deptos\/ana\/wp-content\/uploads\/2018\/11\/cronobiologia.png\u00bb align=\u00bbcenter\u00bb align_tablet=\u00bbcenter\u00bb align_phone=\u00bb\u00bb align_last_edited=\u00bbon|desktop\u00bb _builder_version=\u00bb3.23&#8243; max_width=\u00bb36%\u00bb][\/et_pb_image][\/et_pb_column][\/et_pb_row][\/et_pb_section][et_pb_section fb_built=\u00bb1&#8243; _builder_version=\u00bb3.24.1&#8243; custom_padding=\u00bb0px||0px|||\u00bb][et_pb_row _builder_version=\u00bb3.25&#8243; background_color=\u00bb#007fe0&#8243; custom_padding=\u00bb10px||11px|||\u00bb][et_pb_column type=\u00bb4_4&#8243; _builder_version=\u00bb3.25&#8243; custom_padding=\u00bb|||\u00bb custom_padding__hover=\u00bb|||\u00bb][et_pb_text _builder_version=\u00bb3.27.4&#8243; custom_padding=\u00bb9px|||||\u00bb inline_fonts=\u00bbArial\u00bb]<\/p>\n<h2 class=\"text-center blue-text text-darken-4\" style=\"text-align: center;\"><span style=\"color: #ffffff; font-family: Arial; font-weight: normal;\"><b>Dr. en C. Alberto Manuel \u00c1ngeles Castellanos<\/b><\/span><\/h2>\n<h4 class=\"text-center blue-text text-darken-3\" style=\"text-align: center;\"><\/h4>\n<p>[\/et_pb_text][\/et_pb_column][\/et_pb_row][\/et_pb_section][et_pb_section fb_built=\u00bb1&#8243; _builder_version=\u00bb3.22.3&#8243; custom_padding=\u00bb20px|0px|2px|0px|false|false\u00bb][et_pb_row column_structure=\u00bb1_2,1_2&#8243; _builder_version=\u00bb3.25&#8243;][et_pb_column type=\u00bb1_2&#8243; _builder_version=\u00bb3.25&#8243; custom_padding=\u00bb|||\u00bb custom_padding__hover=\u00bb|||\u00bb][et_pb_image src=\u00bbhttp:\/\/paginas.facmed.unam.mx\/deptos\/ana\/wp-content\/uploads\/2018\/11\/drAngeles-1.jpg\u00bb align_tablet=\u00bbcenter\u00bb align_phone=\u00bb\u00bb align_last_edited=\u00bbon|desktop\u00bb _builder_version=\u00bb3.24.1&#8243; box_shadow_style=\u00bbpreset1&#8243;][\/et_pb_image][et_pb_text _builder_version=\u00bb3.27.4&#8243;]<\/p>\n<h4 class=\"text-center blue-text text-darken-3\" style=\"text-align: center;\"><strong>Profesor Titular: \u201cB\u201d TC.<\/strong><\/h4>\n<h4 class=\"text-center blue-text text-darken-3\" style=\"text-align: center;\"><strong>PRIDE: D<\/strong><\/h4>\n<h4 class=\"text-center\" style=\"text-align: center;\">En el Sistema Nacional de Investigadores es nivel I.<\/h4>\n<h4 class=\"text-center grey-text text-darken-2\" style=\"text-align: center;\">Miembro Regular: ACADEMIA NACIONAL DE MEDICINA DE M\u00c9XICO<\/h4>\n<p>[\/et_pb_text][\/et_pb_column][et_pb_column type=\u00bb1_2&#8243; _builder_version=\u00bb3.25&#8243; custom_padding=\u00bb|||\u00bb custom_padding__hover=\u00bb|||\u00bb][et_pb_text _builder_version=\u00bb3.27.4&#8243;]<\/p>\n<p>&nbsp;<\/p>\n<h4 style=\"text-align: left;\"><i class=\"fa fa-map-marker\"><\/i><span><strong>\u00a0Ubicaci\u00f3n<\/strong><\/span><br \/> Edificio B\u00a0 4\u00b0 Piso \/ Departamento de Anatom\u00eda<\/h4>\n<p>&nbsp;<\/p>\n<h4 style=\"text-align: left;\"><i class=\"fa fa-phone\"><\/i><span><strong>\u00a0Tel\u00e9fono<\/strong><\/span><br \/> Laboratorio 5623-24-23<\/h4>\n<p>&nbsp;<\/p>\n<p><span><strong><\/strong><\/span><\/p>\n<h4 style=\"text-align: left;\"><i class=\"fa fa-envelope\"><\/i><span><strong>\u00a0Correo:\u00a0<\/strong><\/span><\/h4>\n<h4 class=\"text-center grey-text text-darken-2\"><span style=\"color: #3366ff;\">mangeles_castellanos@unam.mx<\/span><\/h4>\n<h4><\/h4>\n<p>[\/et_pb_text][\/et_pb_column][\/et_pb_row][\/et_pb_section][et_pb_section fb_built=\u00bb1&#8243; _builder_version=\u00bb3.24.1&#8243;][et_pb_row _builder_version=\u00bb3.25&#8243; custom_padding=\u00bb|0px||||\u00bb][et_pb_column type=\u00bb4_4&#8243; _builder_version=\u00bb3.25&#8243; custom_padding=\u00bb|||\u00bb custom_padding__hover=\u00bb|||\u00bb][et_pb_tabs active_tab_background_color=\u00bb#007fe0&#8243; inactive_tab_background_color=\u00bb#b3b3b3&#8243; active_tab_text_color=\u00bb#ffffff\u00bb _builder_version=\u00bb3.24.1&#8243; tab_text_color=\u00bb#007fe0&#8243; body_font=\u00bb||||||||\u00bb body_text_color=\u00bbrgba(0,0,0,0)\u00bb tab_font=\u00bb||||||||\u00bb tab_font_size=\u00bb23px\u00bb tab_line_height=\u00bb1.9em\u00bb min_height=\u00bb701px\u00bb tab_font_size_tablet=\u00bb15px\u00bb tab_font_size_phone=\u00bb\u00bb tab_font_size_last_edited=\u00bbon|tablet\u00bb tab_line_height_tablet=\u00bb\u00bb tab_line_height_phone=\u00bb\u00bb tab_line_height_last_edited=\u00bbon|phone\u00bb][et_pb_tab title=\u00bbPublicaciones Recientes\u00bb _builder_version=\u00bb3.24.1&#8243; body_font=\u00bb||||||||\u00bb body_text_color=\u00bb#474747&#8243; tab_font=\u00bb||||||||\u00bb tab_text_color=\u00bb#ffffff\u00bb]<\/p>\n<h5><b>PUBLICACIONES INTERNACIONALES<\/b><\/h5>\n<p>&nbsp;<\/p>\n<ul>\n<li><b>Manuel Angeles-Castellanos<\/b>, F\u00e1tima Ram\u00edrez-Gonz\u00e1lez, Laura Ubaldo-Reyes, Oscar Rodr\u00edguez-Mayoral,<br \/> Carolina Escobar loss of melatonin daily rhythmicity is asociated with delirium development in hospitalized older adults\u00bb Sleep Science, 2016, 9: 285\u2013288.<\/li>\n<\/ul>\n<p>&nbsp;<\/p>\n<p>&nbsp;<\/p>\n<ul>\n<li>Carolina Escobar,<span>\u00a0<\/span><b>Manuel \u00c1ngeles-Castellanos<\/b>, Estefan\u00eda Noem\u00ed Espitia Bautista and Rudolf Marinus Buijs. Food during the night is a factor<br \/> leading to obesity Revista Mexicana de Trastornos Alimentarios (2016) 7, 78\u201483<\/li>\n<\/ul>\n<p>&nbsp;<\/p>\n<p>&nbsp;<\/p>\n<ul>\n<li>Samuel V\u00e1squez-Ruiz, Jos\u00e9 Alfonso Maya-Barrios, Patricia Torres-Narv\u00e1ez, Benito Rub\u00e9n Vega-Mart\u00ednez Adelina Rojas-Granados, Carolina Escobar,<br \/> <b>Manuel \u00c1ngeles-Castellanos<\/b>, A light\/dark cycle in the NICU accelerates body weight gain and shortens time to discharge in preterm infants.<br \/> Early Human Development 90: 535-540, 2014.<\/li>\n<\/ul>\n<p>&nbsp;<\/p>\n<p>&nbsp;<\/p>\n<ul>\n<li>Araceli Tapia-Osorio, Roberto Salgado-Delgado,<span>\u00a0<\/span><b>Manuel Angeles-Castellanos<\/b>, Carolina Escobar Disruption of circadian rhythms due to chronic<br \/> constant light leads to depressive and anxiety-like behaviors in the rat Behavioural Brain Research, 252: 1-9, 2013.<\/li>\n<\/ul>\n<p>&nbsp;<\/p>\n<p>&nbsp;<\/p>\n<ul>\n<li>Carolina Escobar, Roberto Salgado-Delgado, Eduardo Gonzalez-Guerra, Araceli Tapia Osorio,<span>\u00a0<\/span><b>Manuel Angeles-Castellanos<\/b>,<br \/> and Ruud M. Buijs. Circadian Disruption Leads to Loss of Homeostasis and Disease Sleep Review Article Volume 2011, 1-8<\/li>\n<\/ul>\n<p>&nbsp;<\/p>\n<p>&nbsp;<\/p>\n<ul>\n<li><b>Angeles-Castellanos M<\/b>, Amaya JM, Salgado-Delgado R, Buijs RM, Escobar C. Scheduled Food Hastens Re-Entrainment More<br \/> Than Melatonin Does after a 6-h Phase Advance of the Light-Dark Cycle in Rats. J Biol Rhythms. 2011 Aug; 26(4):324-34.<\/li>\n<\/ul>\n<p>&nbsp;<\/p>\n<p>&nbsp;<\/p>\n<ul>\n<li>Escobar C, Salgado R, Rodriguez K, Blancas V\u00e1zquez AS,<span>\u00a0<\/span><b>Angeles-Castellanos M<\/b>, Buijs RM. Scheduled meals and scheduled<br \/> palatable snacks synchronize circadian rhythms: Consequences for ingestive behavior. Physiol Behav. 2011 Sep 26;104(4):555-61<\/li>\n<\/ul>\n<p>&nbsp;<\/p>\n<p>&nbsp;<\/p>\n<ul>\n<li>Guadalupe Acosta-Galvan1, Chun-Xia Yi, Jan van der Vliet, Jack H. Jhamandas, Pertti Panula,<span>\u00a0<\/span><b>Manuel Angeles-Castellanos<\/b>,<br \/> Mar\u00eda del Carmen Basualdo, Carolina Escobar, and Ruud M. Buijs. Interaction between hypothalamic dorsomedial nucleus and<br \/> the suprachiasmatic nucleus determines intensity of food anticipatory behavior Proc Natl Acad Sci U S A. 2011;108(14):5813-5818.<\/li>\n<\/ul>\n<p>&nbsp;<\/p>\n<ul>\n<li><b>Angeles Castellanos M<\/b>, Amaya LM, Buijs RM and Escobar C. Masking effect in rats bearing partial lesion of the SCN. Sleep Science, 2010; 3(1):49-52.<\/li>\n<\/ul>\n<p>&nbsp;<\/p>\n<ul>\n<li><b>Angeles Castellanos M<\/b>, Salgado Delgado R, Rodriguez K, Buijs RM and Escobar C. The suprachiasmatic nucleus participates in food entrainment: a lesion study.<br \/> Neuroscience 2010 (165) 1115\u20131126<\/li>\n<\/ul>\n<p>&nbsp;<\/p>\n<p>&nbsp;<\/p>\n<h5><b>PUBLICACIONES NACIONALES<\/b><\/h5>\n<p>&nbsp;<\/p>\n<ul>\n<li>Lescas-M\u00e9ndez OA, Rojas-Granados A, Ubaldo-Reyes L, C\u00e9spedes-Meneses E, God\u00ednez-Tamay D, Cabrera-Miranda LJ, Cesar-Ram\u00edrez J, Mart\u00ednezc JA,Garc\u00eda-Dolores F,<br \/> Sanchez-Sanchez M,<span>\u00a0<\/span><b>\u00c1ngeles-Castellanos M<\/b>. Perforaci\u00f3n esof\u00e1gica espont\u00e1nea (s\u00edndrome de boerhaave):reporte de caso y revisi\u00f3n de literatura. Avan C Salud Med 2016;<br \/> 3 (4): 107-113.<\/li>\n<\/ul>\n<p>&nbsp;<\/p>\n<ul>\n<li>Manuel \u00c1ngeles Castellanos, Carolina Escobar. Medicina traslacional De la cronobiolog\u00eda a la cronomedicina Rev. Fac. Medicina, UNAM. Vol. 59, No 2:15-23, 2016.<\/li>\n<\/ul>\n<p>&nbsp;<\/p>\n<ul>\n<li>Ocampo-Tallavas L, Ochoa- Canales J, S\u00e1nchez-S\u00e1nchez M,<span>\u00a0<\/span><b>\u00c1ngeles-Castellanos M<\/b>. Importancia del Laboratorio de anatom\u00eda en la ense\u00f1anza y pr\u00e1ctica m\u00e9dica.<br \/> Avan C Salud Med 2015; 3 (3): 97-102.<\/li>\n<\/ul>\n<p>&nbsp;<\/p>\n<p>&nbsp;<\/p>\n<ul>\n<li>Rojas- Granados Adelina, Lescas Mendez Octavio, S\u00e1nchez S\u00e1nchez y<span>\u00a0<\/span><b>\u00c1ngeles Castellanos Manuel<\/b>. Obstetricia Azteca, Ritos y manejos desde el embarazo hasta el<br \/> trabajo de parto. Avan C Salud Med 2014; 2 (4): 1.<\/li>\n<\/ul>\n<p>&nbsp;<\/p>\n<p>&nbsp;<\/p>\n<ul>\n<li>Parm\u00e9nides Guadarrama Ortiz, Ximena Regalado Guerra, Carlos Castillo Rangel y<span>\u00a0<\/span><b>Manuel \u00c1ngeles Castellanos<\/b>. Esclerosis M\u00faltiple: Enfermedad neurol\u00f3gica de alto<br \/> impacto social. Rev. Fac. Medicina, UNAM. Vol. 57 No 6: 5-10, 2014.<\/li>\n<\/ul>\n<p>[\/et_pb_tab][et_pb_tab title=\u00bbInvestigaciones Recientes\u00bb _builder_version=\u00bb3.24.1&#8243; body_font=\u00bbArial|600|||||||\u00bb body_text_color=\u00bb#474747&#8243; tab_font=\u00bbArial||||||||\u00bb tab_text_color=\u00bb#ffffff\u00bb]<\/p>\n<h4><span>Dgapa-papitt 2015-2017. Clave: IN217315<\/span><\/h4>\n<p><span><\/span><\/p>\n<h4>\u00a0Contribuci\u00f3n del alimento palatable (chocolate) en los mecanismos centrales de re-sincronizaci\u00f3n del sistema circadiano, despu\u00e9s de un avance de fase de 6 horas.<\/h4>\n<p>&nbsp;<\/p>\n<h4>Proyecto CONACYT con clave 272596 Fondo Sectorial de Investigaci\u00f3n en Salud y Seguridad Social (fosiss) Aplicaci\u00f3n de un ciclo de luz\/oscuridad en neonatos pret\u00e9rmino y su asociaci\u00f3n con menor estancia intrahospitalaria.<\/h4>\n<p>[\/et_pb_tab][\/et_pb_tabs][\/et_pb_column][\/et_pb_row][\/et_pb_section][et_pb_section fb_built=\u00bb1&#8243; _builder_version=\u00bb3.24.1&#8243; border_width_bottom=\u00bb3px\u00bb border_color_bottom=\u00bb#d33d57&#8243;][et_pb_row _builder_version=\u00bb3.25&#8243; min_height=\u00bb184px\u00bb][et_pb_column type=\u00bb4_4&#8243; _builder_version=\u00bb3.25&#8243; custom_padding=\u00bb|||\u00bb custom_padding__hover=\u00bb|||\u00bb][et_pb_testimonial portrait_url=\u00bbhttps:\/\/anatomia.facmed.unam.mx\/wp-content\/uploads\/2020\/03\/images-dra.png\u00bb quote_icon_color=\u00bb#1e7aa0&#8243; _builder_version=\u00bb4.4.6&#8243; body_font=\u00bb||||||||\u00bb body_text_color=\u00bb#1e7aa0&#8243; position_font=\u00bbArial|600|||||||\u00bb position_text_color=\u00bb#6b6b6b\u00bb position_font_size=\u00bb20px\u00bb max_width=\u00bb60%\u00bb module_alignment=\u00bbcenter\u00bb hover_enabled=\u00bb0&#8243; box_shadow_style=\u00bbpreset3&#8243; inline_fonts=\u00bbArial\u00bb]<\/p>\n<h3 class=\"text-center\"><strong><span style=\"color: #1e7aa0; font-family: Arial;\">Colaboradora<\/span><\/strong><\/h3>\n<h2 class=\"text-center\"><b>Dra. Laura Matilde Ubaldo Reyes<\/b><\/h2>\n<p>[\/et_pb_testimonial][\/et_pb_column][\/et_pb_row][\/et_pb_section]<\/p>\n","protected":false},"excerpt":{"rendered":"<p>Dr. en C. Alberto Manuel \u00c1ngeles Castellanos Profesor Titular: \u201cB\u201d TC. PRIDE: D En el Sistema Nacional de Investigadores es nivel I. Miembro Regular: ACADEMIA NACIONAL DE MEDICINA DE M\u00c9XICO&nbsp; \u00a0Ubicaci\u00f3n Edificio B\u00a0 4\u00b0 Piso \/ Departamento de Anatom\u00eda &nbsp; \u00a0Tel\u00e9fono Laboratorio 5623-24-23 &nbsp; \u00a0Correo:\u00a0 mangeles_castellanos@unam.mx PUBLICACIONES INTERNACIONALES &nbsp; Manuel Angeles-Castellanos, F\u00e1tima Ram\u00edrez-Gonz\u00e1lez, Laura Ubaldo-Reyes, [&hellip;]<\/p>\n","protected":false},"author":1,"featured_media":0,"parent":0,"menu_order":0,"comment_status":"closed","ping_status":"closed","template":"","meta":{"_et_pb_use_builder":"on","_et_pb_old_content":"","_et_gb_content_width":"","jetpack_post_was_ever_published":false,"footnotes":""},"class_list":["post-340","page","type-page","status-publish","hentry"],"jetpack_sharing_enabled":true,"jetpack_shortlink":"https:\/\/wp.me\/PaS03c-5u","jetpack-related-posts":[],"_links":{"self":[{"href":"https:\/\/anatomia.facmed.unam.mx\/index.php\/wp-json\/wp\/v2\/pages\/340","targetHints":{"allow":["GET"]}}],"collection":[{"href":"https:\/\/anatomia.facmed.unam.mx\/index.php\/wp-json\/wp\/v2\/pages"}],"about":[{"href":"https:\/\/anatomia.facmed.unam.mx\/index.php\/wp-json\/wp\/v2\/types\/page"}],"author":[{"embeddable":true,"href":"https:\/\/anatomia.facmed.unam.mx\/index.php\/wp-json\/wp\/v2\/users\/1"}],"replies":[{"embeddable":true,"href":"https:\/\/anatomia.facmed.unam.mx\/index.php\/wp-json\/wp\/v2\/comments?post=340"}],"version-history":[{"count":26,"href":"https:\/\/anatomia.facmed.unam.mx\/index.php\/wp-json\/wp\/v2\/pages\/340\/revisions"}],"predecessor-version":[{"id":4923,"href":"https:\/\/anatomia.facmed.unam.mx\/index.php\/wp-json\/wp\/v2\/pages\/340\/revisions\/4923"}],"wp:attachment":[{"href":"https:\/\/anatomia.facmed.unam.mx\/index.php\/wp-json\/wp\/v2\/media?parent=340"}],"curies":[{"name":"wp","href":"https:\/\/api.w.org\/{rel}","templated":true}]}}