{"id":202,"date":"2018-11-14T18:10:40","date_gmt":"2018-11-14T18:10:40","guid":{"rendered":"http:\/\/paginas.facmed.unam.mx\/deptos\/ana\/?page_id=202"},"modified":"2022-12-05T20:39:21","modified_gmt":"2022-12-05T20:39:21","slug":"jefatura-de-departamento","status":"publish","type":"page","link":"https:\/\/anatomia.facmed.unam.mx\/index.php\/jefatura-de-departamento\/","title":{"rendered":"Jefatura de Departamento"},"content":{"rendered":"<p>[et_pb_section fb_built=\u00bb1&#8243; _builder_version=\u00bb4.19.2&#8243; _module_preset=\u00bbdefault\u00bb background_color=\u00bb#000000&#8243; global_colors_info=\u00bb{}\u00bb][et_pb_row column_structure=\u00bb1_2,1_2&#8243; _builder_version=\u00bb4.19.2&#8243; _module_preset=\u00bbdefault\u00bb custom_margin=\u00bb||70px||false|false\u00bb custom_padding=\u00bb||70px||false|false\u00bb border_width_bottom=\u00bb7px\u00bb border_color_bottom=\u00bb#D33D57&#8243; global_colors_info=\u00bb{}\u00bb][et_pb_column type=\u00bb1_2&#8243; _builder_version=\u00bb4.19.2&#8243; _module_preset=\u00bbdefault\u00bb global_colors_info=\u00bb{}\u00bb][et_pb_text _builder_version=\u00bb4.19.2&#8243; _module_preset=\u00bbdefault\u00bb header_text_align=\u00bbcenter\u00bb custom_padding=\u00bb15%||||false|false\u00bb global_colors_info=\u00bb{}\u00bb]<\/p>\n<h1>Dra. en C. Carolina Escobar Briones<H1>[\/et_pb_text][et_pb_text _builder_version=\u00bb4.19.2&#8243; _module_preset=\u00bbdefault\u00bb text_font=\u00bbLibre Baskerville|600|||||||\u00bb text_text_color=\u00bb#FFFFFF\u00bb text_orientation=\u00bbcenter\u00bb hover_enabled=\u00bb0&#8243; global_colors_info=\u00bb{}\u00bb sticky_enabled=\u00bb0&#8243;]Psic\u00f3loga, Egresada por la Facultad de Psicolog\u00eda de la U.N.A.M.<br \/>\nMaestra en Ciencias Fisiol\u00f3gicas del CCH-UNAM 1989.<br \/>\nDoctora en Ciencas Fisiol\u00f3gicas 1992.[\/et_pb_text][\/et_pb_column][et_pb_column type=\u00bb1_2&#8243; _builder_version=\u00bb4.19.2&#8243; _module_preset=\u00bbdefault\u00bb global_colors_info=\u00bb{}\u00bb][et_pb_image src=\u00bbhttps:\/\/anatomia.facmed.unam.mx\/wp-content\/uploads\/2020\/09\/draCarolina.png\u00bb title_text=\u00bbdraCarolina.png\u00bb align=\u00bbcenter\u00bb _builder_version=\u00bb4.19.2&#8243; _module_preset=\u00bbdefault\u00bb global_colors_info=\u00bb{}\u00bb][\/et_pb_image][et_pb_text _builder_version=\u00bb4.19.2&#8243; _module_preset=\u00bbdefault\u00bb text_font=\u00bbLibre Baskerville|600|||||||\u00bb text_text_color=\u00bb#FFFFFF\u00bb text_orientation=\u00bbcenter\u00bb global_colors_info=\u00bb{}\u00bb]Contacto<br \/>\nTel.5623-2423, Ext; 32423 y 32425<br \/>\nanatomia.jefatura@unam.mx[\/et_pb_text][\/et_pb_column][\/et_pb_row][\/et_pb_section]<\/p>\n","protected":false},"excerpt":{"rendered":"<p>Dra. en C. Carolina Escobar BrionesPsic\u00f3loga, Egresada por la Facultad de Psicolog\u00eda de la U.N.A.M. Maestra en Ciencias Fisiol\u00f3gicas del CCH-UNAM 1989. Doctora en Ciencas Fisiol\u00f3gicas 1992.Contacto Tel.5623-2423, Ext; 32423 y 32425 anatomia.jefatura@unam.mx<\/p>\n","protected":false},"author":1,"featured_media":0,"parent":0,"menu_order":0,"comment_status":"closed","ping_status":"closed","template":"","meta":{"_et_pb_use_builder":"on","_et_pb_old_content":"","_et_gb_content_width":"","jetpack_post_was_ever_published":false,"footnotes":""},"class_list":["post-202","page","type-page","status-publish","hentry"],"jetpack_sharing_enabled":true,"jetpack_shortlink":"https:\/\/wp.me\/PaS03c-3g","jetpack-related-posts":[],"_links":{"self":[{"href":"https:\/\/anatomia.facmed.unam.mx\/index.php\/wp-json\/wp\/v2\/pages\/202","targetHints":{"allow":["GET"]}}],"collection":[{"href":"https:\/\/anatomia.facmed.unam.mx\/index.php\/wp-json\/wp\/v2\/pages"}],"about":[{"href":"https:\/\/anatomia.facmed.unam.mx\/index.php\/wp-json\/wp\/v2\/types\/page"}],"author":[{"embeddable":true,"href":"https:\/\/anatomia.facmed.unam.mx\/index.php\/wp-json\/wp\/v2\/users\/1"}],"replies":[{"embeddable":true,"href":"https:\/\/anatomia.facmed.unam.mx\/index.php\/wp-json\/wp\/v2\/comments?post=202"}],"version-history":[{"count":38,"href":"https:\/\/anatomia.facmed.unam.mx\/index.php\/wp-json\/wp\/v2\/pages\/202\/revisions"}],"predecessor-version":[{"id":6497,"href":"https:\/\/anatomia.facmed.unam.mx\/index.php\/wp-json\/wp\/v2\/pages\/202\/revisions\/6497"}],"wp:attachment":[{"href":"https:\/\/anatomia.facmed.unam.mx\/index.php\/wp-json\/wp\/v2\/media?parent=202"}],"curies":[{"name":"wp","href":"https:\/\/api.w.org\/{rel}","templated":true}]}}